{"id":371,"date":"2017-11-16T12:18:56","date_gmt":"2017-11-16T12:18:56","guid":{"rendered":"http:\/\/bridge111.qodeinteractive.com\/?page_id=371"},"modified":"2021-02-23T13:04:48","modified_gmt":"2021-02-23T13:04:48","slug":"about","status":"publish","type":"page","link":"https:\/\/www.kaurs.de\/de\/about\/","title":{"rendered":"\u00dcber Uns"},"content":{"rendered":"<div      class=\"vc_row wpb_row section vc_row-fluid  vc_custom_1611141365882\" style=' text-align:left;'><div class=\"full_section_inner clearfix\"><div class=\"wpb_column vc_column_container vc_col-sm-12\"><div class=\"vc_column-inner\"><div class=\"wpb_wrapper\">\n\t<div class=\"wpb_text_column wpb_content_element\">\n\t\t<div class=\"wpb_wrapper\">\n\t\t\t<h3 style=\"text-align: center;\">About Us<\/h3>\n\n\t\t<\/div> \n\t<\/div> \n\t<div class=\"wpb_text_column wpb_content_element\">\n\t\t<div class=\"wpb_wrapper\">\n\t\t\t<h4 style=\"text-align: center;\">&#8220;You have to TASTE a culture to understand it&#8221;<\/h4>\n<h6 style=\"text-align: center;\"><em>\u00a0 \u00a0 \u00a0 \u00a0 \u00a0 \u00a0 \u00a0 \u00a0 \u00a0 \u00a0 \u00a0 \u00a0 \u00a0 \u00a0 \u00a0 \u00a0 \u00a0 \u00a0 \u00a0 \u00a0 \u00a0 \u00a0 \u00a0 \u00a0 \u00a0 \u00a0 \u00a0 \u00a0 \u00a0 \u00a0 \u00a0 \u00a0 \u00a0 \u00a0 \u00a0 \u00a0 \u00a0 \u00a0 \u00a0 \u00a0 \u00a0 \u00a0 \u00a0 \u00a0 \u00a0 \u00a0 \u00a0 \u00a0 \u00a0 \u00a0 \u00a0 \u00a0 \u00a0 \u00a0 \u00a0 \u00a0 \u00a0 \u00a0 \u00a0 \u00a0 \u00a0 \u00a0 \u00a0 \u00a0 \u00a0 \u00a0 \u00a0 \u00a0 \u00a0&#8211; (Deborah Carter)<\/em><\/h6>\n\n\t\t<\/div> \n\t<\/div> <div class=\"separator  small center\" style=\"margin-top: 25px;margin-bottom: 25px;background-color: #e1a856;opacity: 1;height: 1px;width: 80px;\"><\/div>\n<\/div><\/div><\/div><\/div><\/div><div      class=\"vc_row wpb_row section vc_row-fluid  vc_custom_1611232020764 grid_section\" style=' text-align:left;'><div class=\"section_inner clearfix\"><div class='section_inner_margin clearfix'><div class=\"wpb_column vc_column_container vc_col-sm-12 vc_col-lg-4 vc_col-md-4\"><div class=\"vc_column-inner\"><div class=\"wpb_wrapper\">\n\t<div class=\"wpb_single_image wpb_content_element vc_align_left\">\n\t\t<div class=\"wpb_wrapper\">\n\t\t\t\n\t\t\t<div class=\"vc_single_image-wrapper   vc_box_border_grey\"><img loading=\"lazy\" decoding=\"async\" width=\"600\" height=\"780\" src=\"https:\/\/www.kaurs.de\/wp-content\/uploads\/2021\/01\/About.jpg\" class=\"vc_single_image-img attachment-full\" alt=\"\" srcset=\"https:\/\/www.kaurs.de\/wp-content\/uploads\/2021\/01\/About.jpg 600w, https:\/\/www.kaurs.de\/wp-content\/uploads\/2021\/01\/About-231x300.jpg 231w\" sizes=\"auto, (max-width: 600px) 100vw, 600px\" \/><\/div>\n\t\t<\/div>\n\t<\/div>\n<\/div><\/div><\/div><div class=\"wpb_column vc_column_container vc_col-sm-12 vc_col-lg-8 vc_col-md-8\"><div class=\"vc_column-inner\"><div class=\"wpb_wrapper\"><div class='q_elements_holder one_column responsive_mode_from_768' ><div class='q_elements_item' data-1024-1280='5px 47px 0 30px' data-768-1024='0px 20px 0 0px' data-600-768='50px 0 0 0' data-480='50px 0 0 0' data-animation='no' data-item-class='q_elements_holder_custom_118160'><div class='q_elements_item_inner'><div class='q_elements_item_content q_elements_holder_custom_118160' style='padding:0px 155px 0 30px'>\n\t<div class=\"wpb_text_column wpb_content_element  vc_custom_1611140186724\">\n\t\t<div class=\"wpb_wrapper\">\n\t\t\t<h5><span style=\"color: #e1a856;\">Maneet Kaur (Founder)<\/span><\/h5>\n\n\t\t<\/div> \n\t<\/div> \n\t<div class=\"wpb_text_column wpb_content_element\">\n\t\t<div class=\"wpb_wrapper\">\n\t\t\t<p>Unsere Geschichte begann 2017, als wir von Indien nach Kiel, Germany gekommen. Wir haben festgestellt, dass wir den authentischen indischen Paneer in den deutschen Superm\u00e4rkten nicht finden k\u00f6nnen. Viele unserer Freunde lieben Paneer K\u00e4se, konnten es aber nirgendwo finden. So kam die Idee auf und in Zusammenarbeit mit den \u00f6rtlichen Bauern in Schleswig Holstein haben wir begonnen, Paneer zu produzieren.<\/p>\n<p>Ein Unternehmen in einem fremden Land zu gr\u00fcnden und ihre Sprache nicht zu kennen, war definitiv einer der gr\u00f6\u00dften Probleme. Au\u03b2erdem, Paneer ein v\u00f6llig neues Produkt f\u00fcr den deutschen Markt ist, bestand zudem ein gro\u00dfes Risiko. Aber wir haben unsere \u00c4ngste \u00fcberwunden und unser Produkt im Jahr 2018 auf den Markt gebracht.<\/p>\n<p>Dank unserer sehr unterst\u00fctzenden deutschen Eink\u00e4ufer und Produktionspartner, die das Produkt nicht nur akzeptiert haben, um es in ihren Filialen zu behalten, sondern uns auch dazu gef\u00fchrt haben, unser Produkt gut f\u00fcr die deutschen Verbraucher zu vermarkten.<\/p>\n\n\t\t<\/div> \n\t<\/div> <\/div><\/div><\/div><\/div><\/div><\/div><\/div><\/div><\/div><\/div>","protected":false},"excerpt":{"rendered":"About Us \"You have to TASTE a culture to understand it\" \u00a0 \u00a0 \u00a0 \u00a0 \u00a0 \u00a0 \u00a0 \u00a0 \u00a0 \u00a0 \u00a0 \u00a0 \u00a0 \u00a0 \u00a0 \u00a0 \u00a0 \u00a0 \u00a0 \u00a0 \u00a0 \u00a0 \u00a0 \u00a0 \u00a0 \u00a0 \u00a0 \u00a0 \u00a0 \u00a0 \u00a0 \u00a0 \u00a0 \u00a0...","protected":false},"author":1,"featured_media":0,"parent":0,"menu_order":0,"comment_status":"closed","ping_status":"closed","template":"full_width.php","meta":{"footnotes":""},"class_list":["post-371","page","type-page","status-publish","hentry"],"_links":{"self":[{"href":"https:\/\/www.kaurs.de\/de\/wp-json\/wp\/v2\/pages\/371","targetHints":{"allow":["GET"]}}],"collection":[{"href":"https:\/\/www.kaurs.de\/de\/wp-json\/wp\/v2\/pages"}],"about":[{"href":"https:\/\/www.kaurs.de\/de\/wp-json\/wp\/v2\/types\/page"}],"author":[{"embeddable":true,"href":"https:\/\/www.kaurs.de\/de\/wp-json\/wp\/v2\/users\/1"}],"replies":[{"embeddable":true,"href":"https:\/\/www.kaurs.de\/de\/wp-json\/wp\/v2\/comments?post=371"}],"version-history":[{"count":20,"href":"https:\/\/www.kaurs.de\/de\/wp-json\/wp\/v2\/pages\/371\/revisions"}],"predecessor-version":[{"id":854,"href":"https:\/\/www.kaurs.de\/de\/wp-json\/wp\/v2\/pages\/371\/revisions\/854"}],"wp:attachment":[{"href":"https:\/\/www.kaurs.de\/de\/wp-json\/wp\/v2\/media?parent=371"}],"curies":[{"name":"wp","href":"https:\/\/api.w.org\/{rel}","templated":true}]}}