{"id":577,"date":"2021-01-12T11:03:41","date_gmt":"2021-01-12T11:03:41","guid":{"rendered":"http:\/\/www.kaurs.de\/?page_id=577"},"modified":"2021-03-03T13:06:23","modified_gmt":"2021-03-03T13:06:23","slug":"recepies","status":"publish","type":"page","link":"https:\/\/www.kaurs.de\/de\/recepies\/","title":{"rendered":"Rezepte"},"content":{"rendered":"<div      class=\"vc_row wpb_row section vc_row-fluid  vc_custom_1613989618840\" style=' text-align:left;'><div class=\"full_section_inner clearfix\"><div class=\"wpb_column vc_column_container vc_col-sm-12\"><div class=\"vc_column-inner\"><div class=\"wpb_wrapper\">\n\t<div class=\"wpb_text_column wpb_content_element\">\n\t\t<div class=\"wpb_wrapper\">\n\t\t\t<h3 style=\"text-align: center;\">Rezepte<\/h3>\n\n\t\t<\/div> \n\t<\/div> \n\t<div class=\"wpb_text_column wpb_content_element\">\n\t\t<div class=\"wpb_wrapper\">\n\t\t\t<h2 style=\"text-align: center;\">Create Something Delicious \u2013 Try Our Recipes!<\/h2>\n\n\t\t<\/div> \n\t<\/div> <div class=\"separator  small center\" style=\"margin-top: 25px;margin-bottom: 25px;background-color: #e1a856;opacity: 1;height: 1px;width: 80px;\"><\/div>\n<\/div><\/div><\/div><\/div><\/div><div      class=\"vc_row wpb_row section vc_row-fluid  vc_custom_1611229348273\" style=' text-align:left;'><div class=\"full_section_inner clearfix\"><div class=\"wpb_column vc_column_container vc_col-sm-12\"><div class=\"vc_column-inner\"><div class=\"wpb_wrapper\">\n\t<div class=\"wpb_text_column wpb_content_element\">\n\t\t<div class=\"wpb_wrapper\">\n\t\t\t<div class=\"pt-cv-wrapper\"><div class=\"pt-cv-view pt-cv-grid pt-cv-colsys\" id=\"pt-cv-view-2655668o50\"><div data-id=\"pt-cv-page-1\" class=\"pt-cv-page\" data-cvc=\"1\"><div class=\"col-md-12 col-sm-6 col-xs-12 pt-cv-content-item pt-cv-2-col\" ><div class='pt-cv-ifield'><a href=\"https:\/\/www.kaurs.de\/de\/paneer-brot\/\" class=\"_self pt-cv-href-thumbnail pt-cv-thumb-left\" target=\"_self\" ><img loading=\"lazy\" decoding=\"async\" width=\"480\" height=\"360\" src=\"https:\/\/www.kaurs.de\/wp-content\/uploads\/2021\/01\/R-4.jpg\" class=\"pt-cv-thumbnail pull-left\" alt=\"\" srcset=\"https:\/\/www.kaurs.de\/wp-content\/uploads\/2021\/01\/R-4.jpg 480w, https:\/\/www.kaurs.de\/wp-content\/uploads\/2021\/01\/R-4-300x225.jpg 300w\" sizes=\"auto, (max-width: 480px) 100vw, 480px\" \/><\/a>\n<h4 class=\"pt-cv-title\"><a href=\"https:\/\/www.kaurs.de\/de\/paneer-brot\/\" class=\"_self\" target=\"_self\" >Paneer Brot<\/a><\/h4>\n<div class=\"pt-cv-content\">Nur wenig Zeit f\u00fcr Fr\u00fchstuck? Hier ist ein einfaches Rezept f\u00fcr Ihre t\u00e4glich dosis Kaurs Paneer:\nMischen Sie etwas Salz, Gew\u00fcrze und Kr\u00e4uter Ihrer wahl mit Kaurs Paneer- zerkleinert oder in scheiben geschnitten.<br \/><div class=\"pt-cv-rmwrap\"><a href=\"https:\/\/www.kaurs.de\/de\/paneer-brot\/\" class=\"_self pt-cv-readmore btn btn-success\" target=\"_self\">Weiterlesen<\/a><\/div><\/div><\/div><\/div>\n<div class=\"col-md-12 col-sm-6 col-xs-12 pt-cv-content-item pt-cv-2-col\" ><div class='pt-cv-ifield'><a href=\"https:\/\/www.kaurs.de\/de\/paneer-butter-masala\/\" class=\"_self pt-cv-href-thumbnail pt-cv-thumb-left\" target=\"_self\" ><img loading=\"lazy\" decoding=\"async\" width=\"480\" height=\"360\" src=\"https:\/\/www.kaurs.de\/wp-content\/uploads\/2021\/01\/R-3.jpg\" class=\"pt-cv-thumbnail pull-left\" alt=\"\" srcset=\"https:\/\/www.kaurs.de\/wp-content\/uploads\/2021\/01\/R-3.jpg 480w, https:\/\/www.kaurs.de\/wp-content\/uploads\/2021\/01\/R-3-300x225.jpg 300w\" sizes=\"auto, (max-width: 480px) 100vw, 480px\" \/><\/a>\n<h4 class=\"pt-cv-title\"><a href=\"https:\/\/www.kaurs.de\/de\/paneer-butter-masala\/\" class=\"_self\" target=\"_self\" >Paneer Butter Masala<\/a><\/h4>\n<div class=\"pt-cv-content\">Calories DON\u2019T count on the weekend. Give yourself a treat! Add butter into your pan and saute some ginger and garlic along with chopped onions. Wait until it turns golden ...<br \/><div class=\"pt-cv-rmwrap\"><a href=\"https:\/\/www.kaurs.de\/de\/paneer-butter-masala\/\" class=\"_self pt-cv-readmore btn btn-success\" target=\"_self\">Weiterlesen<\/a><\/div><\/div><\/div><\/div>\n<div class=\"col-md-12 col-sm-6 col-xs-12 pt-cv-content-item pt-cv-2-col\" ><div class='pt-cv-ifield'><a href=\"https:\/\/www.kaurs.de\/de\/grilled-paneer-tikka\/\" class=\"_self pt-cv-href-thumbnail pt-cv-thumb-left\" target=\"_self\" ><img loading=\"lazy\" decoding=\"async\" width=\"480\" height=\"360\" src=\"https:\/\/www.kaurs.de\/wp-content\/uploads\/2021\/01\/R-1.jpg\" class=\"pt-cv-thumbnail pull-left\" alt=\"\" srcset=\"https:\/\/www.kaurs.de\/wp-content\/uploads\/2021\/01\/R-1.jpg 480w, https:\/\/www.kaurs.de\/wp-content\/uploads\/2021\/01\/R-1-300x225.jpg 300w\" sizes=\"auto, (max-width: 480px) 100vw, 480px\" \/><\/a>\n<h4 class=\"pt-cv-title\"><a href=\"https:\/\/www.kaurs.de\/de\/grilled-paneer-tikka\/\" class=\"_self\" target=\"_self\" >Grilled Paneer Tikka<\/a><\/h4>\n<div class=\"pt-cv-content\">Gl\u00fcck ist BBQ, Freunde und KAURS PANEER. Sie m\u00fcssen nicht auf einen sonnigen Tag warten, um den gegrillten Paneer Tikka zu genie\u00dfen. Grillen oder braten Sie es jederzeit und \u00fcberall.<br \/><div class=\"pt-cv-rmwrap\"><a href=\"https:\/\/www.kaurs.de\/de\/grilled-paneer-tikka\/\" class=\"_self pt-cv-readmore btn btn-success\" target=\"_self\">Weiterlesen<\/a><\/div><\/div><\/div><\/div>\n<div class=\"col-md-12 col-sm-6 col-xs-12 pt-cv-content-item pt-cv-2-col\" ><div class='pt-cv-ifield'><a href=\"https:\/\/www.kaurs.de\/de\/cold-and-warm-paneer-salad\/\" class=\"_self pt-cv-href-thumbnail pt-cv-thumb-left\" target=\"_self\" ><img loading=\"lazy\" decoding=\"async\" width=\"480\" height=\"360\" src=\"https:\/\/www.kaurs.de\/wp-content\/uploads\/2021\/01\/R-2.jpg\" class=\"pt-cv-thumbnail pull-left\" alt=\"\" srcset=\"https:\/\/www.kaurs.de\/wp-content\/uploads\/2021\/01\/R-2.jpg 480w, https:\/\/www.kaurs.de\/wp-content\/uploads\/2021\/01\/R-2-300x225.jpg 300w\" sizes=\"auto, (max-width: 480px) 100vw, 480px\" \/><\/a>\n<h4 class=\"pt-cv-title\"><a href=\"https:\/\/www.kaurs.de\/de\/cold-and-warm-paneer-salad\/\" class=\"_self\" target=\"_self\" >Cold and Warm Paneer Salad- For Lazy Sundays<\/a><\/h4>\n<div class=\"pt-cv-content\">For Cold Beetroot and Paneer Salad- Mix beetroots, Dil, Fresh Basil leaves and Kaurs Paneer in a bowl. Add your favouire dressing and top it up with some walnuts for ...<br \/><div class=\"pt-cv-rmwrap\"><a href=\"https:\/\/www.kaurs.de\/de\/cold-and-warm-paneer-salad\/\" class=\"_self pt-cv-readmore btn btn-success\" target=\"_self\">Weiterlesen<\/a><\/div><\/div><\/div><\/div><\/div><\/div><\/div>\n\n\t\t<\/div> \n\t<\/div> <\/div><\/div><\/div><\/div><\/div>","protected":false},"excerpt":{"rendered":"Recepies Create Something Delicious \u2013 Try Our Recipes! Paneer Brot Busy Day? Didn\u2019t get time for breakfast? Here is your quick recipe for your daily dose of Paneer Mix some salt, spices and herbs of choice with KAURS PANEER, scrambled ...Weiterlesen Paneer Butter Masala Calories...","protected":false},"author":1,"featured_media":0,"parent":0,"menu_order":0,"comment_status":"closed","ping_status":"closed","template":"","meta":{"footnotes":""},"class_list":["post-577","page","type-page","status-publish","hentry"],"_links":{"self":[{"href":"https:\/\/www.kaurs.de\/de\/wp-json\/wp\/v2\/pages\/577","targetHints":{"allow":["GET"]}}],"collection":[{"href":"https:\/\/www.kaurs.de\/de\/wp-json\/wp\/v2\/pages"}],"about":[{"href":"https:\/\/www.kaurs.de\/de\/wp-json\/wp\/v2\/types\/page"}],"author":[{"embeddable":true,"href":"https:\/\/www.kaurs.de\/de\/wp-json\/wp\/v2\/users\/1"}],"replies":[{"embeddable":true,"href":"https:\/\/www.kaurs.de\/de\/wp-json\/wp\/v2\/comments?post=577"}],"version-history":[{"count":13,"href":"https:\/\/www.kaurs.de\/de\/wp-json\/wp\/v2\/pages\/577\/revisions"}],"predecessor-version":[{"id":894,"href":"https:\/\/www.kaurs.de\/de\/wp-json\/wp\/v2\/pages\/577\/revisions\/894"}],"wp:attachment":[{"href":"https:\/\/www.kaurs.de\/de\/wp-json\/wp\/v2\/media?parent=577"}],"curies":[{"name":"wp","href":"https:\/\/api.w.org\/{rel}","templated":true}]}}